{"id":137,"date":"2025-04-03T21:00:23","date_gmt":"2025-04-03T19:00:23","guid":{"rendered":"https:\/\/musee-monet-goyon.fr\/?page_id=137"},"modified":"2025-04-07T11:50:37","modified_gmt":"2025-04-07T09:50:37","slug":"la-collection","status":"publish","type":"page","link":"https:\/\/musee-monet-goyon.fr\/index.php\/la-collection\/","title":{"rendered":"La Collection"},"content":{"rendered":"<div class=\"wp-block-image\">\n<figure class=\"alignright size-large is-resized\"><img loading=\"lazy\" decoding=\"async\" width=\"1024\" height=\"768\" src=\"https:\/\/musee-monet-goyon.fr\/wp-content\/uploads\/2025\/04\/16-fevrier-13-2-1-1024x768.jpg\" alt=\"\" class=\"wp-image-143\" style=\"width:277px;height:auto\" srcset=\"https:\/\/musee-monet-goyon.fr\/wp-content\/uploads\/2025\/04\/16-fevrier-13-2-1-1024x768.jpg 1024w, https:\/\/musee-monet-goyon.fr\/wp-content\/uploads\/2025\/04\/16-fevrier-13-2-1-300x225.jpg 300w, https:\/\/musee-monet-goyon.fr\/wp-content\/uploads\/2025\/04\/16-fevrier-13-2-1-768x576.jpg 768w, https:\/\/musee-monet-goyon.fr\/wp-content\/uploads\/2025\/04\/16-fevrier-13-2-1-1536x1152.jpg 1536w, https:\/\/musee-monet-goyon.fr\/wp-content\/uploads\/2025\/04\/16-fevrier-13-2-1-1200x900.jpg 1200w, https:\/\/musee-monet-goyon.fr\/wp-content\/uploads\/2025\/04\/16-fevrier-13-2-1-1980x1485.jpg 1980w, https:\/\/musee-monet-goyon.fr\/wp-content\/uploads\/2025\/04\/16-fevrier-13-2-1.jpg 2048w\" sizes=\"auto, (max-width: 1024px) 100vw, 1024px\" \/><figcaption class=\"wp-element-caption\">Le coin des ann\u00e9es 50<\/figcaption><\/figure>\n<\/div>\n\n\n<p>Depuis 52 ans la famille Gagnaire a rassembl\u00e9 et restaur\u00e9 une fabuleuse<br>collection de motos anciennes de la marque Monet &amp; Goyon.<br>Henri et Michel (le p\u00e8re et le fils), se sont passionn\u00e9s pour cette marque, se sont \u00e9quip\u00e9s pour rendre aux machines leur aspect d&rsquo;origine, et font profiter les visiteurs de leur exp\u00e9rience en m\u00e9canique.<\/p>\n\n\n\n<p>Ils ont \u00e9galement r\u00e9uni une importante documentation technique mise \u00e0 la disposition des amateurs de Monet &amp; Goyon d\u00e9sireux \u00e0 leur tour de restaurer une machine.<\/p>\n\n\n<div class=\"wp-block-image\">\n<figure class=\"alignright size-large is-resized\"><img loading=\"lazy\" decoding=\"async\" width=\"1024\" height=\"768\" src=\"https:\/\/musee-monet-goyon.fr\/wp-content\/uploads\/2025\/04\/Musee-Monet-Goyon-Melle-79-2-1-1024x768.jpg\" alt=\"\" class=\"wp-image-145\" style=\"width:278px;height:auto\" srcset=\"https:\/\/musee-monet-goyon.fr\/wp-content\/uploads\/2025\/04\/Musee-Monet-Goyon-Melle-79-2-1-1024x768.jpg 1024w, https:\/\/musee-monet-goyon.fr\/wp-content\/uploads\/2025\/04\/Musee-Monet-Goyon-Melle-79-2-1-300x225.jpg 300w, https:\/\/musee-monet-goyon.fr\/wp-content\/uploads\/2025\/04\/Musee-Monet-Goyon-Melle-79-2-1-768x576.jpg 768w, https:\/\/musee-monet-goyon.fr\/wp-content\/uploads\/2025\/04\/Musee-Monet-Goyon-Melle-79-2-1-1536x1152.jpg 1536w, https:\/\/musee-monet-goyon.fr\/wp-content\/uploads\/2025\/04\/Musee-Monet-Goyon-Melle-79-2-1-1200x900.jpg 1200w, https:\/\/musee-monet-goyon.fr\/wp-content\/uploads\/2025\/04\/Musee-Monet-Goyon-Melle-79-2-1-1980x1485.jpg 1980w, https:\/\/musee-monet-goyon.fr\/wp-content\/uploads\/2025\/04\/Musee-Monet-Goyon-Melle-79-2-1.jpg 2048w\" sizes=\"auto, (max-width: 1024px) 100vw, 1024px\" \/><figcaption class=\"wp-element-caption\">Les premi\u00e8res machines<\/figcaption><\/figure>\n<\/div>\n\n\n<p>De plus, ils se sont int\u00e9ress\u00e9s \u00e0 l&rsquo;histoire de l&rsquo;entreprise tout au long de sa p\u00e9riode de production. Elle vous sera cont\u00e9e lors de la visite guid\u00e9e passionnante.<\/p>\n\n\n\n<p>Vous retrouverez, l&rsquo;ambiance de cette \u00e9poque pass\u00e9e, \u00e0 travers un<br>cheminement chronologique.<br>Vous y d\u00e9couvrirez les engins extraordinaires des d\u00e9buts dont certains tr\u00e8s rares, voire uniques, sont sans \u00e9quivalent chez les autres constructeurs.<\/p>\n\n\n<div class=\"wp-block-image\">\n<figure class=\"alignleft size-large is-resized\"><img loading=\"lazy\" decoding=\"async\" width=\"1024\" height=\"768\" src=\"http:\/\/museemd.cluster021.hosting.ovh.net\/wp-content\/uploads\/2025\/04\/P1010032-1024x768.jpg\" alt=\"\" class=\"wp-image-60\" style=\"width:435px;height:auto\" srcset=\"https:\/\/musee-monet-goyon.fr\/wp-content\/uploads\/2025\/04\/P1010032-1024x768.jpg 1024w, https:\/\/musee-monet-goyon.fr\/wp-content\/uploads\/2025\/04\/P1010032-300x225.jpg 300w, https:\/\/musee-monet-goyon.fr\/wp-content\/uploads\/2025\/04\/P1010032-768x576.jpg 768w, https:\/\/musee-monet-goyon.fr\/wp-content\/uploads\/2025\/04\/P1010032-1536x1152.jpg 1536w, https:\/\/musee-monet-goyon.fr\/wp-content\/uploads\/2025\/04\/P1010032-1200x900.jpg 1200w, https:\/\/musee-monet-goyon.fr\/wp-content\/uploads\/2025\/04\/P1010032-1980x1485.jpg 1980w, https:\/\/musee-monet-goyon.fr\/wp-content\/uploads\/2025\/04\/P1010032.jpg 2048w\" sizes=\"auto, (max-width: 1024px) 100vw, 1024px\" \/><figcaption class=\"wp-element-caption\">Cyclecarette 3 roues de 1922<\/figcaption><\/figure>\n<\/div>\n\n\n<p>Ensuite vous verrez la gamme des ann\u00e9es 20 qui a permis l&rsquo;essor de l&rsquo;entreprise.<br>Vous continuerez avec les belles machines des ann\u00e9es 30 , ainsi que les mod\u00e8les \u00e9conomiques qui ont permis au plus grand nombre de se d\u00e9placer et de profiter ainsi des cong\u00e9s pay\u00e9s.<br>Pour terminer ce tour d&rsquo;horizon, nous vous proposons les populaires d&rsquo;apr\u00e8s-guerre et les scooters.<\/p>\n\n\n\n<p><\/p>\n\n\n\n<p><\/p>\n\n\n\n<figure class=\"wp-block-gallery has-nested-images columns-default is-cropped wp-block-gallery-1 is-layout-flex wp-block-gallery-is-layout-flex\">\n<figure class=\"wp-block-image size-large\"><img loading=\"lazy\" decoding=\"async\" width=\"1024\" height=\"768\" data-id=\"147\" src=\"https:\/\/musee-monet-goyon.fr\/wp-content\/uploads\/2025\/04\/MELLE_05-1-1024x768.jpg\" alt=\"\" class=\"wp-image-147\" srcset=\"https:\/\/musee-monet-goyon.fr\/wp-content\/uploads\/2025\/04\/MELLE_05-1-1024x768.jpg 1024w, https:\/\/musee-monet-goyon.fr\/wp-content\/uploads\/2025\/04\/MELLE_05-1-300x225.jpg 300w, https:\/\/musee-monet-goyon.fr\/wp-content\/uploads\/2025\/04\/MELLE_05-1-768x576.jpg 768w, https:\/\/musee-monet-goyon.fr\/wp-content\/uploads\/2025\/04\/MELLE_05-1-1536x1152.jpg 1536w, https:\/\/musee-monet-goyon.fr\/wp-content\/uploads\/2025\/04\/MELLE_05-1-2048x1536.jpg 2048w, https:\/\/musee-monet-goyon.fr\/wp-content\/uploads\/2025\/04\/MELLE_05-1-1200x900.jpg 1200w, https:\/\/musee-monet-goyon.fr\/wp-content\/uploads\/2025\/04\/MELLE_05-1-1980x1485.jpg 1980w\" sizes=\"auto, (max-width: 1024px) 100vw, 1024px\" \/><figcaption class=\"wp-element-caption\">R2 250cm3 de 1925<\/figcaption><\/figure>\n\n\n\n<figure class=\"wp-block-image size-large\"><img loading=\"lazy\" decoding=\"async\" width=\"1024\" height=\"768\" data-id=\"146\" src=\"https:\/\/musee-monet-goyon.fr\/wp-content\/uploads\/2025\/04\/Musee-03-02-16-14-1-1024x768.jpg\" alt=\"\" class=\"wp-image-146\" srcset=\"https:\/\/musee-monet-goyon.fr\/wp-content\/uploads\/2025\/04\/Musee-03-02-16-14-1-1024x768.jpg 1024w, https:\/\/musee-monet-goyon.fr\/wp-content\/uploads\/2025\/04\/Musee-03-02-16-14-1-300x225.jpg 300w, https:\/\/musee-monet-goyon.fr\/wp-content\/uploads\/2025\/04\/Musee-03-02-16-14-1-768x576.jpg 768w, https:\/\/musee-monet-goyon.fr\/wp-content\/uploads\/2025\/04\/Musee-03-02-16-14-1-1536x1152.jpg 1536w, https:\/\/musee-monet-goyon.fr\/wp-content\/uploads\/2025\/04\/Musee-03-02-16-14-1-1200x900.jpg 1200w, https:\/\/musee-monet-goyon.fr\/wp-content\/uploads\/2025\/04\/Musee-03-02-16-14-1-1980x1485.jpg 1980w, https:\/\/musee-monet-goyon.fr\/wp-content\/uploads\/2025\/04\/Musee-03-02-16-14-1.jpg 2048w\" sizes=\"auto, (max-width: 1024px) 100vw, 1024px\" \/><figcaption class=\"wp-element-caption\">1925-1926<\/figcaption><\/figure>\n\n\n\n<figure class=\"wp-block-image size-large\"><img loading=\"lazy\" decoding=\"async\" width=\"1024\" height=\"768\" data-id=\"148\" src=\"https:\/\/musee-monet-goyon.fr\/wp-content\/uploads\/2025\/04\/MELLE_08-1-1024x768.jpg\" alt=\"\" class=\"wp-image-148\" srcset=\"https:\/\/musee-monet-goyon.fr\/wp-content\/uploads\/2025\/04\/MELLE_08-1-1024x768.jpg 1024w, https:\/\/musee-monet-goyon.fr\/wp-content\/uploads\/2025\/04\/MELLE_08-1-300x225.jpg 300w, https:\/\/musee-monet-goyon.fr\/wp-content\/uploads\/2025\/04\/MELLE_08-1-768x576.jpg 768w, https:\/\/musee-monet-goyon.fr\/wp-content\/uploads\/2025\/04\/MELLE_08-1-1536x1152.jpg 1536w, https:\/\/musee-monet-goyon.fr\/wp-content\/uploads\/2025\/04\/MELLE_08-1-2048x1536.jpg 2048w, https:\/\/musee-monet-goyon.fr\/wp-content\/uploads\/2025\/04\/MELLE_08-1-1200x900.jpg 1200w, https:\/\/musee-monet-goyon.fr\/wp-content\/uploads\/2025\/04\/MELLE_08-1-1980x1485.jpg 1980w\" sizes=\"auto, (max-width: 1024px) 100vw, 1024px\" \/><figcaption class=\"wp-element-caption\">350 type MC de 1926<\/figcaption><\/figure>\n<\/figure>\n\n\n\n<p><\/p>\n\n\n<div class=\"wp-block-image\">\n<figure class=\"alignright size-large is-resized\"><img loading=\"lazy\" decoding=\"async\" width=\"1024\" height=\"768\" src=\"https:\/\/musee-monet-goyon.fr\/wp-content\/uploads\/2025\/04\/PXL_20230113_100209639.MP_-1024x768.jpg\" alt=\"\" class=\"wp-image-160\" style=\"width:304px;height:auto\" srcset=\"https:\/\/musee-monet-goyon.fr\/wp-content\/uploads\/2025\/04\/PXL_20230113_100209639.MP_-1024x768.jpg 1024w, https:\/\/musee-monet-goyon.fr\/wp-content\/uploads\/2025\/04\/PXL_20230113_100209639.MP_-300x225.jpg 300w, https:\/\/musee-monet-goyon.fr\/wp-content\/uploads\/2025\/04\/PXL_20230113_100209639.MP_-768x576.jpg 768w, https:\/\/musee-monet-goyon.fr\/wp-content\/uploads\/2025\/04\/PXL_20230113_100209639.MP_-1536x1152.jpg 1536w, https:\/\/musee-monet-goyon.fr\/wp-content\/uploads\/2025\/04\/PXL_20230113_100209639.MP_-2048x1536.jpg 2048w, https:\/\/musee-monet-goyon.fr\/wp-content\/uploads\/2025\/04\/PXL_20230113_100209639.MP_-1200x900.jpg 1200w, https:\/\/musee-monet-goyon.fr\/wp-content\/uploads\/2025\/04\/PXL_20230113_100209639.MP_-1980x1485.jpg 1980w\" sizes=\"auto, (max-width: 1024px) 100vw, 1024px\" \/><figcaption class=\"wp-element-caption\">Reconstitution d&rsquo;un atelier des ann\u00e9es 30<\/figcaption><\/figure>\n<\/div>\n\n\n<p>Vous pourrez poursuivre la visite par l&rsquo;atelier de m\u00e9canicien des ann\u00e9es 30 et finir par le diaporama constitu\u00e9 de nombreuses photos d&rsquo;\u00e9poque et pr\u00e9sentant les phases de restauration des machines.<\/p>\n\n\n\n<p>Au total pr\u00e8s de 40 machines et diff\u00e9rents accessoires d&rsquo;\u00e9poque<br>sont expos\u00e9s.<\/p>\n\n\n\n<figure class=\"wp-block-image size-large is-resized\"><img loading=\"lazy\" decoding=\"async\" width=\"1024\" height=\"768\" src=\"https:\/\/musee-monet-goyon.fr\/wp-content\/uploads\/2025\/04\/Musee-03-02-16-2-1-1024x768.jpg\" alt=\"\" class=\"wp-image-150\" style=\"width:569px;height:auto\" srcset=\"https:\/\/musee-monet-goyon.fr\/wp-content\/uploads\/2025\/04\/Musee-03-02-16-2-1-1024x768.jpg 1024w, https:\/\/musee-monet-goyon.fr\/wp-content\/uploads\/2025\/04\/Musee-03-02-16-2-1-300x225.jpg 300w, https:\/\/musee-monet-goyon.fr\/wp-content\/uploads\/2025\/04\/Musee-03-02-16-2-1-768x576.jpg 768w, https:\/\/musee-monet-goyon.fr\/wp-content\/uploads\/2025\/04\/Musee-03-02-16-2-1-1536x1152.jpg 1536w, https:\/\/musee-monet-goyon.fr\/wp-content\/uploads\/2025\/04\/Musee-03-02-16-2-1-1200x900.jpg 1200w, https:\/\/musee-monet-goyon.fr\/wp-content\/uploads\/2025\/04\/Musee-03-02-16-2-1-1980x1485.jpg 1980w, https:\/\/musee-monet-goyon.fr\/wp-content\/uploads\/2025\/04\/Musee-03-02-16-2-1.jpg 2048w\" sizes=\"auto, (max-width: 1024px) 100vw, 1024px\" \/><figcaption class=\"wp-element-caption\">Vue partielle des ann\u00e9es 50<\/figcaption><\/figure>\n\n\n\n<h2 class=\"wp-block-heading\">Le livre de r\u00e9f\u00e9rence sur cette marque prestigieuse<\/h2>\n\n\n\n<p>Il retrace l&rsquo;\u00e9pop\u00e9e des hommes et des machines qui ont<br>contribu\u00e9 \u00e0 la r\u00e9putation de Monet &amp; Goyon.<\/p>\n\n\n<div class=\"wp-block-image\">\n<figure class=\"alignleft size-large is-resized\"><img loading=\"lazy\" decoding=\"async\" width=\"1024\" height=\"954\" src=\"https:\/\/musee-monet-goyon.fr\/wp-content\/uploads\/2025\/04\/Livre-1-1024x954.jpg\" alt=\"\" class=\"wp-image-151\" style=\"width:482px;height:auto\" srcset=\"https:\/\/musee-monet-goyon.fr\/wp-content\/uploads\/2025\/04\/Livre-1-1024x954.jpg 1024w, https:\/\/musee-monet-goyon.fr\/wp-content\/uploads\/2025\/04\/Livre-1-300x279.jpg 300w, https:\/\/musee-monet-goyon.fr\/wp-content\/uploads\/2025\/04\/Livre-1-768x715.jpg 768w, https:\/\/musee-monet-goyon.fr\/wp-content\/uploads\/2025\/04\/Livre-1-1536x1431.jpg 1536w, https:\/\/musee-monet-goyon.fr\/wp-content\/uploads\/2025\/04\/Livre-1-1200x1118.jpg 1200w, https:\/\/musee-monet-goyon.fr\/wp-content\/uploads\/2025\/04\/Livre-1.jpg 1617w\" sizes=\"auto, (max-width: 1024px) 100vw, 1024px\" \/><figcaption class=\"wp-element-caption\">Le livre Monet &amp; Goyon \u00ab\u00a0la moto fran\u00e7aise\u00a0\u00bb de Michel Gagnaireet Franck Meneret aux \u00e9ditions E.T.A.I<\/figcaption><\/figure>\n<\/div>\n\n\n<p>Michel GAGNAIRE est devenu la r\u00e9f\u00e9rence MG<br>incontournable dans l&rsquo;Europe enti\u00e8re.<br>L&rsquo;ouverture d&rsquo;un mus\u00e9e \u00e0 Melle (79) vient consolider sa<br>passion et montre au grand public la diversit\u00e9 de Monet<br>&amp; Goyon. Franck MENERET, ing\u00e9nieur m\u00e9canicien<br>reconverti dans l&rsquo;enseignement, a d\u00e9j\u00e0 publi\u00e9 chez E-T-AI<br>: le VELOSOLEX de mon p\u00e8re, qui conna\u00eet un grand<br>succ\u00e8s aupr\u00e8s du public ainsi que les CYCLOMOTEUR A<br>GALET dans la m\u00eame collection.<br>Il \u00e9crit aussi pour la collection Technique pour Tous.<br>Le livre est en vente au mus\u00e9e.<\/p>\n\n\n\n<p><\/p>\n","protected":false},"excerpt":{"rendered":"<p>Depuis 52 ans la famille Gagnaire a rassembl\u00e9 et restaur\u00e9 une fabuleusecollection de motos anciennes de la marque Monet &amp; Goyon.Henri et Michel (le p\u00e8re et le fils), se sont passionn\u00e9s pour cette marque, se sont \u00e9quip\u00e9s pour rendre aux machines leur aspect d&rsquo;origine, et font profiter les visiteurs de leur exp\u00e9rience en m\u00e9canique. Ils [&hellip;]<\/p>\n","protected":false},"author":1,"featured_media":0,"parent":0,"menu_order":0,"comment_status":"closed","ping_status":"closed","template":"","meta":{"footnotes":""},"class_list":["post-137","page","type-page","status-publish","hentry"],"_links":{"self":[{"href":"https:\/\/musee-monet-goyon.fr\/index.php\/wp-json\/wp\/v2\/pages\/137","targetHints":{"allow":["GET"]}}],"collection":[{"href":"https:\/\/musee-monet-goyon.fr\/index.php\/wp-json\/wp\/v2\/pages"}],"about":[{"href":"https:\/\/musee-monet-goyon.fr\/index.php\/wp-json\/wp\/v2\/types\/page"}],"author":[{"embeddable":true,"href":"https:\/\/musee-monet-goyon.fr\/index.php\/wp-json\/wp\/v2\/users\/1"}],"replies":[{"embeddable":true,"href":"https:\/\/musee-monet-goyon.fr\/index.php\/wp-json\/wp\/v2\/comments?post=137"}],"version-history":[{"count":23,"href":"https:\/\/musee-monet-goyon.fr\/index.php\/wp-json\/wp\/v2\/pages\/137\/revisions"}],"predecessor-version":[{"id":213,"href":"https:\/\/musee-monet-goyon.fr\/index.php\/wp-json\/wp\/v2\/pages\/137\/revisions\/213"}],"wp:attachment":[{"href":"https:\/\/musee-monet-goyon.fr\/index.php\/wp-json\/wp\/v2\/media?parent=137"}],"curies":[{"name":"wp","href":"https:\/\/api.w.org\/{rel}","templated":true}]}}