{"id":158,"date":"2025-04-03T21:19:22","date_gmt":"2025-04-03T19:19:22","guid":{"rendered":"https:\/\/musee-monet-goyon.fr\/?page_id=158"},"modified":"2025-04-18T08:53:46","modified_gmt":"2025-04-18T06:53:46","slug":"se-rendre-au-musee","status":"publish","type":"page","link":"https:\/\/musee-monet-goyon.fr\/index.php\/se-rendre-au-musee\/","title":{"rendered":"Se rendre au mus\u00e9e"},"content":{"rendered":"\n<p>Le mus\u00e9e se situe \u00e0 Melle (79), dans l&rsquo;<strong>Espace Sainte Catherine<\/strong>.<\/p>\n\n\n\n<p>Vous y acc\u00e9der par la place de la Poste (possibilit\u00e9 de se garer gratuitement sur la place de la Poste ou la place Bujault).<\/p>\n\n\n\n<p>Sur la place de la poste, \u00e0 droite de la pharmacie, un panneau vous indique l&rsquo;acc\u00e8s vers l&rsquo;espace Sainte Catherine. Le mus\u00e9e est ensuite indiqu\u00e9 par un autre panneau (fl\u00e8che rouge sur la photo ci-dessous).<\/p>\n\n\n\n<figure class=\"wp-block-image size-large is-resized\"><img loading=\"lazy\" decoding=\"async\" width=\"723\" height=\"1024\" src=\"https:\/\/musee-monet-goyon.fr\/wp-content\/uploads\/2025\/04\/Panneau_mur_ext-02-01-2-723x1024.jpg\" alt=\"\" class=\"wp-image-174\" style=\"width:274px;height:auto\" srcset=\"https:\/\/musee-monet-goyon.fr\/wp-content\/uploads\/2025\/04\/Panneau_mur_ext-02-01-2-723x1024.jpg 723w, https:\/\/musee-monet-goyon.fr\/wp-content\/uploads\/2025\/04\/Panneau_mur_ext-02-01-2-212x300.jpg 212w, https:\/\/musee-monet-goyon.fr\/wp-content\/uploads\/2025\/04\/Panneau_mur_ext-02-01-2-768x1087.jpg 768w, https:\/\/musee-monet-goyon.fr\/wp-content\/uploads\/2025\/04\/Panneau_mur_ext-02-01-2.jpg 1022w\" sizes=\"auto, (max-width: 723px) 100vw, 723px\" \/><\/figure>\n\n\n\n<figure class=\"wp-block-image size-large\"><img loading=\"lazy\" decoding=\"async\" width=\"1024\" height=\"607\" src=\"https:\/\/musee-monet-goyon.fr\/wp-content\/uploads\/2025\/04\/emplacement_museee-2-1024x607.png\" alt=\"\" class=\"wp-image-175\" srcset=\"https:\/\/musee-monet-goyon.fr\/wp-content\/uploads\/2025\/04\/emplacement_museee-2-1024x607.png 1024w, https:\/\/musee-monet-goyon.fr\/wp-content\/uploads\/2025\/04\/emplacement_museee-2-300x178.png 300w, https:\/\/musee-monet-goyon.fr\/wp-content\/uploads\/2025\/04\/emplacement_museee-2-768x455.png 768w, https:\/\/musee-monet-goyon.fr\/wp-content\/uploads\/2025\/04\/emplacement_museee-2-1536x910.png 1536w, https:\/\/musee-monet-goyon.fr\/wp-content\/uploads\/2025\/04\/emplacement_museee-2-1200x711.png 1200w, https:\/\/musee-monet-goyon.fr\/wp-content\/uploads\/2025\/04\/emplacement_museee-2.png 1807w\" sizes=\"auto, (max-width: 1024px) 100vw, 1024px\" \/><\/figure>\n","protected":false},"excerpt":{"rendered":"<p>Le mus\u00e9e se situe \u00e0 Melle (79), dans l&rsquo;Espace Sainte Catherine. Vous y acc\u00e9der par la place de la Poste (possibilit\u00e9 de se garer gratuitement sur la place de la Poste ou la place Bujault). Sur la place de la poste, \u00e0 droite de la pharmacie, un panneau vous indique l&rsquo;acc\u00e8s vers l&rsquo;espace Sainte Catherine. [&hellip;]<\/p>\n","protected":false},"author":1,"featured_media":0,"parent":0,"menu_order":0,"comment_status":"closed","ping_status":"closed","template":"","meta":{"footnotes":""},"class_list":["post-158","page","type-page","status-publish","hentry"],"_links":{"self":[{"href":"https:\/\/musee-monet-goyon.fr\/index.php\/wp-json\/wp\/v2\/pages\/158","targetHints":{"allow":["GET"]}}],"collection":[{"href":"https:\/\/musee-monet-goyon.fr\/index.php\/wp-json\/wp\/v2\/pages"}],"about":[{"href":"https:\/\/musee-monet-goyon.fr\/index.php\/wp-json\/wp\/v2\/types\/page"}],"author":[{"embeddable":true,"href":"https:\/\/musee-monet-goyon.fr\/index.php\/wp-json\/wp\/v2\/users\/1"}],"replies":[{"embeddable":true,"href":"https:\/\/musee-monet-goyon.fr\/index.php\/wp-json\/wp\/v2\/comments?post=158"}],"version-history":[{"count":8,"href":"https:\/\/musee-monet-goyon.fr\/index.php\/wp-json\/wp\/v2\/pages\/158\/revisions"}],"predecessor-version":[{"id":219,"href":"https:\/\/musee-monet-goyon.fr\/index.php\/wp-json\/wp\/v2\/pages\/158\/revisions\/219"}],"wp:attachment":[{"href":"https:\/\/musee-monet-goyon.fr\/index.php\/wp-json\/wp\/v2\/media?parent=158"}],"curies":[{"name":"wp","href":"https:\/\/api.w.org\/{rel}","templated":true}]}}