{"id":193,"date":"2025-04-07T10:26:36","date_gmt":"2025-04-07T08:26:36","guid":{"rendered":"https:\/\/musee-monet-goyon.fr\/?page_id=193"},"modified":"2025-05-14T06:51:36","modified_gmt":"2025-05-14T04:51:36","slug":"a-visiter-a-melle","status":"publish","type":"page","link":"https:\/\/musee-monet-goyon.fr\/index.php\/a-visiter-a-melle\/","title":{"rendered":"A visiter \u00e0 Melle"},"content":{"rendered":"<div class=\"wp-block-image\">\n<figure class=\"aligncenter size-large\"><img loading=\"lazy\" decoding=\"async\" width=\"1024\" height=\"768\" src=\"https:\/\/musee-monet-goyon.fr\/wp-content\/uploads\/2025\/05\/2-jeudi-8-08-13-6-1024x768.jpg\" alt=\"\" class=\"wp-image-296\" srcset=\"https:\/\/musee-monet-goyon.fr\/wp-content\/uploads\/2025\/05\/2-jeudi-8-08-13-6-1024x768.jpg 1024w, https:\/\/musee-monet-goyon.fr\/wp-content\/uploads\/2025\/05\/2-jeudi-8-08-13-6-300x225.jpg 300w, https:\/\/musee-monet-goyon.fr\/wp-content\/uploads\/2025\/05\/2-jeudi-8-08-13-6-768x576.jpg 768w, https:\/\/musee-monet-goyon.fr\/wp-content\/uploads\/2025\/05\/2-jeudi-8-08-13-6-1536x1152.jpg 1536w, https:\/\/musee-monet-goyon.fr\/wp-content\/uploads\/2025\/05\/2-jeudi-8-08-13-6-1200x900.jpg 1200w, https:\/\/musee-monet-goyon.fr\/wp-content\/uploads\/2025\/05\/2-jeudi-8-08-13-6-1980x1485.jpg 1980w, https:\/\/musee-monet-goyon.fr\/wp-content\/uploads\/2025\/05\/2-jeudi-8-08-13-6.jpg 2048w\" sizes=\"auto, (max-width: 1024px) 100vw, 1024px\" \/><figcaption class=\"wp-element-caption\">Eglise Saint Hilaire<\/figcaption><\/figure>\n<\/div>\n\n\n<div class=\"wp-block-group is-nowrap is-layout-flex wp-container-core-group-is-layout-ad2f72ca wp-block-group-is-layout-flex\">\n<p class=\"has-accent-color has-text-color has-link-color has-larger-font-size wp-elements-5301cac0675ed29718d788cb8b38f38b\"><strong>A Melle :<\/strong><\/p>\n<\/div>\n\n\n\n<figure class=\"wp-block-gallery has-nested-images columns-default is-cropped wp-block-gallery-1 is-layout-flex wp-block-gallery-is-layout-flex\">\n<figure class=\"wp-block-image size-large is-resized\"><img loading=\"lazy\" decoding=\"async\" width=\"1024\" height=\"768\" data-id=\"302\" src=\"https:\/\/musee-monet-goyon.fr\/wp-content\/uploads\/2025\/05\/2-jeudi-8-08-13-5-1024x768.jpg\" alt=\"\" class=\"wp-image-302\" style=\"width:306px;height:auto\" srcset=\"https:\/\/musee-monet-goyon.fr\/wp-content\/uploads\/2025\/05\/2-jeudi-8-08-13-5-1024x768.jpg 1024w, https:\/\/musee-monet-goyon.fr\/wp-content\/uploads\/2025\/05\/2-jeudi-8-08-13-5-300x225.jpg 300w, https:\/\/musee-monet-goyon.fr\/wp-content\/uploads\/2025\/05\/2-jeudi-8-08-13-5-768x576.jpg 768w, https:\/\/musee-monet-goyon.fr\/wp-content\/uploads\/2025\/05\/2-jeudi-8-08-13-5-1536x1152.jpg 1536w, https:\/\/musee-monet-goyon.fr\/wp-content\/uploads\/2025\/05\/2-jeudi-8-08-13-5-1200x900.jpg 1200w, https:\/\/musee-monet-goyon.fr\/wp-content\/uploads\/2025\/05\/2-jeudi-8-08-13-5-1980x1485.jpg 1980w, https:\/\/musee-monet-goyon.fr\/wp-content\/uploads\/2025\/05\/2-jeudi-8-08-13-5.jpg 2048w\" sizes=\"auto, (max-width: 1024px) 100vw, 1024px\" \/><figcaption class=\"wp-element-caption\">Cavalier \u00e0 l&rsquo;entr\u00e9e de Saint Hilaire<\/figcaption><\/figure>\n\n\n\n<figure class=\"wp-block-image size-large\"><img loading=\"lazy\" decoding=\"async\" width=\"1024\" height=\"768\" data-id=\"366\" src=\"https:\/\/musee-monet-goyon.fr\/wp-content\/uploads\/2025\/05\/P1010002-1024x768.jpg\" alt=\"\" class=\"wp-image-366\" srcset=\"https:\/\/musee-monet-goyon.fr\/wp-content\/uploads\/2025\/05\/P1010002-1024x768.jpg 1024w, https:\/\/musee-monet-goyon.fr\/wp-content\/uploads\/2025\/05\/P1010002-300x225.jpg 300w, https:\/\/musee-monet-goyon.fr\/wp-content\/uploads\/2025\/05\/P1010002-768x576.jpg 768w, https:\/\/musee-monet-goyon.fr\/wp-content\/uploads\/2025\/05\/P1010002-1536x1152.jpg 1536w, https:\/\/musee-monet-goyon.fr\/wp-content\/uploads\/2025\/05\/P1010002-1200x900.jpg 1200w, https:\/\/musee-monet-goyon.fr\/wp-content\/uploads\/2025\/05\/P1010002-1980x1485.jpg 1980w, https:\/\/musee-monet-goyon.fr\/wp-content\/uploads\/2025\/05\/P1010002.jpg 2048w\" sizes=\"auto, (max-width: 1024px) 100vw, 1024px\" \/><figcaption class=\"wp-element-caption\">Eglise Saint Pierre<\/figcaption><\/figure>\n<\/figure>\n\n\n<div class=\"wp-block-image\">\n<figure class=\"alignright size-large is-resized\"><img loading=\"lazy\" decoding=\"async\" width=\"1024\" height=\"768\" src=\"https:\/\/musee-monet-goyon.fr\/wp-content\/uploads\/2025\/05\/Novembre-2011-1-1024x768.jpg\" alt=\"\" class=\"wp-image-304\" style=\"width:306px;height:auto\" srcset=\"https:\/\/musee-monet-goyon.fr\/wp-content\/uploads\/2025\/05\/Novembre-2011-1-1024x768.jpg 1024w, https:\/\/musee-monet-goyon.fr\/wp-content\/uploads\/2025\/05\/Novembre-2011-1-300x225.jpg 300w, https:\/\/musee-monet-goyon.fr\/wp-content\/uploads\/2025\/05\/Novembre-2011-1-768x576.jpg 768w, https:\/\/musee-monet-goyon.fr\/wp-content\/uploads\/2025\/05\/Novembre-2011-1-1536x1152.jpg 1536w, https:\/\/musee-monet-goyon.fr\/wp-content\/uploads\/2025\/05\/Novembre-2011-1-1200x900.jpg 1200w, https:\/\/musee-monet-goyon.fr\/wp-content\/uploads\/2025\/05\/Novembre-2011-1-1980x1485.jpg 1980w, https:\/\/musee-monet-goyon.fr\/wp-content\/uploads\/2025\/05\/Novembre-2011-1.jpg 2048w\" sizes=\"auto, (max-width: 1024px) 100vw, 1024px\" \/><figcaption class=\"wp-element-caption\">Eglise Saint Savinien<\/figcaption><\/figure>\n<\/div>\n\n\n<div class=\"wp-block-group is-nowrap is-layout-flex wp-container-core-group-is-layout-ad2f72ca wp-block-group-is-layout-flex\">\n<p>3 \u00e9glises romanes des XI<sup>e<\/sup> et XII<sup>e<\/sup> si\u00e8cles, dont Saint Hilaire class\u00e9e au Patrimoine Mondial de l&rsquo;Unesco. Ville m\u00e9di\u00e9vale. Arboretum du Chemin de la D\u00e9couverte et Arboretum Forestier D\u00e9partemental : les Deux S\u00e8vres \u00e0 travers bois. Visites guid\u00e9es. Biennale d&rsquo;art contemporain.<\/p>\n<\/div>\n\n\n\n<div class=\"wp-block-group is-nowrap is-layout-flex wp-container-core-group-is-layout-ad2f72ca wp-block-group-is-layout-flex\">\n<p class=\"has-accent-color has-text-color has-link-color wp-elements-3681174ba19be28d2b67eb18e62a6603\">&gt;<strong>Office de tourisme de Melle<\/strong> 2 place Bujault 79500 Melle.<br>T\u00e9l. 05 49 29 15 10.<br>E-mail : officedetourisme@paysmellois.org<br>site : <a href=\"https:\/\/ot-paysmellois.org\/\">https:\/\/ot-paysmellois.org\/<\/a><\/p>\n<\/div>\n\n\n\n<p>&gt;<strong>Les Mines d&rsquo;Argent des Rois Francs<\/strong> et le jardin Carolingien.<br>Rue du pr\u00e9 du Gu\u00e9 B.P. 29. 79500 MELLE<br>Tel : 05 49 29 19 54.<br>E-mail : info@mines-argent.com<br>site : <a href=\"https:\/\/www.mines-argent.com\/\">https:\/\/www.mines-argent.com\/<\/a><\/p>\n\n\n\n<p class=\"has-text-align-left has-accent-color has-text-color has-link-color has-larger-font-size wp-elements-cef433a995d5292d21f2293102f12d13\"><strong>Dans les environs :<\/strong><\/p>\n\n\n\n<p>&gt;<strong>Abbaye Royale de Celles-sur-Belle<\/strong>.<br>12 rue des Halles 79370 Celles-sur-Belle.<br>Tel : 05 49 32 92 28.<br>E-mail : <a href=\"mailto:tourisme-cellessurbelle@wanadoo.fr\">tourisme-cellessurbelle@wanadoo.fr<\/a><br>site : <a href=\"https:\/\/www.abbaye-royale-celles.com\/\">https:\/\/www.abbaye-royale-celles.com\/<\/a><\/p>\n\n\n\n<p>&gt;<strong>Mus\u00e9e des Tumulus de Bougon<\/strong>.<br>La Chapelle 79800 Bougon.<br>Tel : 05 49 05 12 13.<br>E-mail : <a href=\"mailto:tourisme-cellessurbelle@wanadoo.fr\"><\/a><a href=\"mailto:musee-bougon@deux-sevres.fr\">musee-bougon@deux-sevres.fr<\/a><br>site : <a href=\"https:\/\/tumulus-de-bougon.fr\/\">https:\/\/tumulus-de-bougon.fr\/<\/a><\/p>\n\n\n\n<p>&gt;<strong>Zoodyss\u00e9e de Chiz\u00e9<\/strong>. Au c\u0153ur de l&rsquo;aventure animale.<br>79360 Villiers-en-Bois.<br>Tel : 05 49 77 17 17.<br>E-mail : <a href=\"mailto:regie-chize@cg79.fr\">regie-chize@cg79.fr<\/a><br>site : <a href=\"https:\/\/www.zoodyssee.fr\/\">https:\/\/www.zoodyssee.fr\/<\/a><\/p>\n\n\n\n<p>&gt;<strong>Maison du Protestantisme<\/strong><br>Place de la Mairie 79370 Beaussais-Vitr\u00e9.<br>Tel : 05 49 32 83 16.<br>E-mail : <a href=\"mailto:MAISON-PROTESTANTISME@wanadoo.fr\">MAISON-PROTESTANTISME@wanadoo.fr<\/a><br>site : <a href=\"https:\/\/www.museepoitouprotestant.com\/\">https:\/\/www.museepoitouprotestant.com\/<\/a><\/p>\n\n\n\n<p>&gt;<strong>Mus\u00e9e de Rauranum<\/strong>, mus\u00e9e et site arch\u00e9ologique.<br>Place de l&rsquo;Eglise, B.P. 3. 79120 Rom.<br>Tel : 05 49 27 26 98.<br>E-mail : <a href=\"mailto:museerauranum@wanadoo.fr\">musee-rauranum@wanadoo.fr<\/a><br>site : <a href=\"https:\/\/www.melloisenpoitou.fr\/les-actions\/animation-du-territoire\/25-musee-de-rauranum\">https:\/\/www.melloisenpoitou.fr\/les-actions\/animation-du-territoire\/25-musee-de-rauranum<\/a><\/p>\n\n\n\n<p>&gt;<strong>Ch\u00e2teau de Javarzay<\/strong>,<br>9 avenue des Fils Fouquaud 79110 Chef-Boutonne.<br>Tel : 05 49 29 86 31.<br>site : <a href=\"http:\/\/www.chef-boutonne.fr\">http:\/\/www.chef-boutonne.fr<\/a><\/p>\n\n\n\n<p>&gt;<strong>Maison des fromages de ch\u00e8vre<\/strong>,<br>1 avenue de Niort 79370 Celles-sur-Belle.<br>Tel : 05 49 16 67 16.<br>E-mail : <a href=\"mailto:contact.mdfc@gmail.com\">contact.mdfc@gmail.com<\/a><br>site : <a href=\"https:\/\/routedesfromagesdechevre.fr\/Maison-des-Fromages-de-Chevre\">https:\/\/routedesfromagesdechevre.fr\/Maison-des-Fromages-de-Chevre<\/a><\/p>\n\n\n\n<p>&gt;<strong>Maison de Haute S\u00e8vre<\/strong>, Moulin l&rsquo;Abb\u00e9,<br>16 rue du Pont l&rsquo;Abb\u00e9 79800 La Mothe-Saint-H\u00e9ray.<br>Tel : 15 49 05 19 19.<br>E-mail : MAISON-HAUTESEVRE@wanadoo.fr<br>site : <a href=\"http:\/\/www.moulin-labbe.fr\/\">http:\/\/www.moulin-labbe.fr\/<\/a><\/p>\n","protected":false},"excerpt":{"rendered":"<p>A Melle : 3 \u00e9glises romanes des XIe et XIIe si\u00e8cles, dont Saint Hilaire class\u00e9e au Patrimoine Mondial de l&rsquo;Unesco. Ville m\u00e9di\u00e9vale. Arboretum du Chemin de la D\u00e9couverte et Arboretum Forestier D\u00e9partemental : les Deux S\u00e8vres \u00e0 travers bois. Visites guid\u00e9es. Biennale d&rsquo;art contemporain. &gt;Office de tourisme de Melle 2 place Bujault 79500 Melle.T\u00e9l. 05 [&hellip;]<\/p>\n","protected":false},"author":1,"featured_media":0,"parent":0,"menu_order":0,"comment_status":"closed","ping_status":"closed","template":"","meta":{"footnotes":""},"class_list":["post-193","page","type-page","status-publish","hentry"],"_links":{"self":[{"href":"https:\/\/musee-monet-goyon.fr\/index.php\/wp-json\/wp\/v2\/pages\/193","targetHints":{"allow":["GET"]}}],"collection":[{"href":"https:\/\/musee-monet-goyon.fr\/index.php\/wp-json\/wp\/v2\/pages"}],"about":[{"href":"https:\/\/musee-monet-goyon.fr\/index.php\/wp-json\/wp\/v2\/types\/page"}],"author":[{"embeddable":true,"href":"https:\/\/musee-monet-goyon.fr\/index.php\/wp-json\/wp\/v2\/users\/1"}],"replies":[{"embeddable":true,"href":"https:\/\/musee-monet-goyon.fr\/index.php\/wp-json\/wp\/v2\/comments?post=193"}],"version-history":[{"count":52,"href":"https:\/\/musee-monet-goyon.fr\/index.php\/wp-json\/wp\/v2\/pages\/193\/revisions"}],"predecessor-version":[{"id":372,"href":"https:\/\/musee-monet-goyon.fr\/index.php\/wp-json\/wp\/v2\/pages\/193\/revisions\/372"}],"wp:attachment":[{"href":"https:\/\/musee-monet-goyon.fr\/index.php\/wp-json\/wp\/v2\/media?parent=193"}],"curies":[{"name":"wp","href":"https:\/\/api.w.org\/{rel}","templated":true}]}}