{"id":325,"date":"2025-05-12T09:27:10","date_gmt":"2025-05-12T07:27:10","guid":{"rendered":"https:\/\/musee-monet-goyon.fr\/?page_id=325"},"modified":"2026-03-28T08:07:12","modified_gmt":"2026-03-28T07:07:12","slug":"bienvenue-sur-le-site-du-musee-monet-goyon","status":"publish","type":"page","link":"https:\/\/musee-monet-goyon.fr\/","title":{"rendered":"Bienvenue sur le site du mus\u00e9e Monet &amp; Goyon"},"content":{"rendered":"\n<h2 class=\"wp-block-heading has-text-align-center has-accent-color has-text-color has-link-color has-larger-font-size wp-elements-7c7cce2ada398adbd48628544ae96f35\">Nouveau mus\u00e9e 2026. Surface multipli\u00e9e par deux. Plus de 60 machines expos\u00e9es.<\/h2>\n\n\n\n<p>D\u00e9couvrez le prestigieux constructeur de motos Monet &amp; Goyon, dans le mus\u00e9e qui lui est enti\u00e8rement d\u00e9di\u00e9 \u00e0 Melle (79).<\/p>\n\n\n\n<p>Il rassemble une fabuleuse collection d&rsquo;engins restaur\u00e9s conform\u00e9ment \u00e0 l&rsquo;origine.<\/p>\n\n\n\n<figure class=\"wp-block-embed is-type-video is-provider-youtube wp-block-embed-youtube wp-embed-aspect-16-9 wp-has-aspect-ratio\"><div class=\"wp-block-embed__wrapper\">\n<iframe loading=\"lazy\" title=\"Mus\u00e9e Monet &amp; Goyon\" width=\"580\" height=\"326\" src=\"https:\/\/www.youtube.com\/embed\/rT68HZdhF_0?feature=oembed\" frameborder=\"0\" allow=\"accelerometer; autoplay; clipboard-write; encrypted-media; gyroscope; picture-in-picture; web-share\" referrerpolicy=\"strict-origin-when-cross-origin\" allowfullscreen><\/iframe>\n<\/div><\/figure>\n\n\n\n<figure class=\"wp-block-image size-large\"><img loading=\"lazy\" decoding=\"async\" width=\"1024\" height=\"768\" src=\"https:\/\/musee-monet-goyon.fr\/wp-content\/uploads\/2025\/04\/Musee-03-02-16-14-1024x768.jpg\" alt=\"\" class=\"wp-image-68\" srcset=\"https:\/\/musee-monet-goyon.fr\/wp-content\/uploads\/2025\/04\/Musee-03-02-16-14-1024x768.jpg 1024w, https:\/\/musee-monet-goyon.fr\/wp-content\/uploads\/2025\/04\/Musee-03-02-16-14-300x225.jpg 300w, https:\/\/musee-monet-goyon.fr\/wp-content\/uploads\/2025\/04\/Musee-03-02-16-14-768x576.jpg 768w, https:\/\/musee-monet-goyon.fr\/wp-content\/uploads\/2025\/04\/Musee-03-02-16-14-1536x1152.jpg 1536w, https:\/\/musee-monet-goyon.fr\/wp-content\/uploads\/2025\/04\/Musee-03-02-16-14-1200x900.jpg 1200w, https:\/\/musee-monet-goyon.fr\/wp-content\/uploads\/2025\/04\/Musee-03-02-16-14-1980x1485.jpg 1980w, https:\/\/musee-monet-goyon.fr\/wp-content\/uploads\/2025\/04\/Musee-03-02-16-14.jpg 2048w\" sizes=\"auto, (max-width: 1024px) 100vw, 1024px\" \/><\/figure>\n\n\n\n<p><strong>Nos horaires 2026 :<\/strong><\/p>\n\n\n\n<figure class=\"wp-block-image size-large\"><img loading=\"lazy\" decoding=\"async\" width=\"1024\" height=\"598\" src=\"https:\/\/musee-monet-goyon.fr\/wp-content\/uploads\/2026\/03\/Calendrier2026_V6-1024x598.png\" alt=\"\" class=\"wp-image-427\" style=\"object-fit:cover\" srcset=\"https:\/\/musee-monet-goyon.fr\/wp-content\/uploads\/2026\/03\/Calendrier2026_V6-1024x598.png 1024w, https:\/\/musee-monet-goyon.fr\/wp-content\/uploads\/2026\/03\/Calendrier2026_V6-300x175.png 300w, https:\/\/musee-monet-goyon.fr\/wp-content\/uploads\/2026\/03\/Calendrier2026_V6-768x449.png 768w, https:\/\/musee-monet-goyon.fr\/wp-content\/uploads\/2026\/03\/Calendrier2026_V6-1536x897.png 1536w, https:\/\/musee-monet-goyon.fr\/wp-content\/uploads\/2026\/03\/Calendrier2026_V6-2048x1196.png 2048w, https:\/\/musee-monet-goyon.fr\/wp-content\/uploads\/2026\/03\/Calendrier2026_V6-1200x701.png 1200w, https:\/\/musee-monet-goyon.fr\/wp-content\/uploads\/2026\/03\/Calendrier2026_V6-1980x1157.png 1980w\" sizes=\"auto, (max-width: 1024px) 100vw, 1024px\" \/><\/figure>\n\n\n\n<p><strong>Ouverture sur demande toute l&rsquo;ann\u00e9e pour les groupes d&rsquo;au moins 6 personnes (forfait de 30\u20ac sinon)<\/strong><\/p>\n","protected":false},"excerpt":{"rendered":"<p>Nouveau mus\u00e9e 2026. Surface multipli\u00e9e par deux. Plus de 60 machines expos\u00e9es. D\u00e9couvrez le prestigieux constructeur de motos Monet &amp; Goyon, dans le mus\u00e9e qui lui est enti\u00e8rement d\u00e9di\u00e9 \u00e0 Melle (79). Il rassemble une fabuleuse collection d&rsquo;engins restaur\u00e9s conform\u00e9ment \u00e0 l&rsquo;origine. Nos horaires 2026 : Ouverture sur demande toute l&rsquo;ann\u00e9e pour les groupes d&rsquo;au [&hellip;]<\/p>\n","protected":false},"author":1,"featured_media":0,"parent":0,"menu_order":0,"comment_status":"closed","ping_status":"closed","template":"","meta":{"footnotes":""},"class_list":["post-325","page","type-page","status-publish","hentry"],"_links":{"self":[{"href":"https:\/\/musee-monet-goyon.fr\/index.php\/wp-json\/wp\/v2\/pages\/325","targetHints":{"allow":["GET"]}}],"collection":[{"href":"https:\/\/musee-monet-goyon.fr\/index.php\/wp-json\/wp\/v2\/pages"}],"about":[{"href":"https:\/\/musee-monet-goyon.fr\/index.php\/wp-json\/wp\/v2\/types\/page"}],"author":[{"embeddable":true,"href":"https:\/\/musee-monet-goyon.fr\/index.php\/wp-json\/wp\/v2\/users\/1"}],"replies":[{"embeddable":true,"href":"https:\/\/musee-monet-goyon.fr\/index.php\/wp-json\/wp\/v2\/comments?post=325"}],"version-history":[{"count":6,"href":"https:\/\/musee-monet-goyon.fr\/index.php\/wp-json\/wp\/v2\/pages\/325\/revisions"}],"predecessor-version":[{"id":429,"href":"https:\/\/musee-monet-goyon.fr\/index.php\/wp-json\/wp\/v2\/pages\/325\/revisions\/429"}],"wp:attachment":[{"href":"https:\/\/musee-monet-goyon.fr\/index.php\/wp-json\/wp\/v2\/media?parent=325"}],"curies":[{"name":"wp","href":"https:\/\/api.w.org\/{rel}","templated":true}]}}